{"id":3,"date":"2024-03-27T22:31:26","date_gmt":"2024-03-27T21:31:26","guid":{"rendered":"https:\/\/longevitymdexperience.com\/?page_id=3"},"modified":"2025-02-16T14:19:13","modified_gmt":"2025-02-16T20:19:13","slug":"politicas-privacidad","status":"publish","type":"page","link":"https:\/\/longevitymdexperience.com\/index.php\/politicas-privacidad\/","title":{"rendered":"Pol\u00edticas de privacidad"},"content":{"rendered":"<div class=\"fusion-fullwidth fullwidth-box fusion-builder-row-1 fusion-flex-container has-pattern-background has-mask-background hundred-percent-fullwidth non-hundred-percent-height-scrolling\" style=\"--awb-border-radius-top-left:0px;--awb-border-radius-top-right:0px;--awb-border-radius-bottom-right:0px;--awb-border-radius-bottom-left:0px;--awb-padding-top:12rem;--awb-padding-right:10rem;--awb-padding-left:10rem;--awb-padding-right-small:2rem;--awb-padding-left-small:2rem;--awb-margin-top:-140px;--awb-min-height:100vh;--awb-background-color:#ffffff;--awb-flex-wrap:wrap;\" ><div class=\"fusion-builder-row fusion-row fusion-flex-align-items-flex-start fusion-flex-content-wrap\" style=\"width:104% !important;max-width:104% !important;margin-left: calc(-4% \/ 2 );margin-right: calc(-4% \/ 2 );\"><div class=\"fusion-layout-column fusion_builder_column fusion-builder-column-0 fusion_builder_column_1_1 1_1 fusion-flex-column\" style=\"--awb-bg-size:cover;--awb-width-large:100%;--awb-margin-top-large:0px;--awb-spacing-right-large:1.92%;--awb-margin-bottom-large:0px;--awb-spacing-left-large:1.92%;--awb-width-medium:100%;--awb-spacing-right-medium:1.92%;--awb-spacing-left-medium:1.92%;--awb-width-small:100%;--awb-spacing-right-small:1.92%;--awb-spacing-left-small:1.92%;\"><div class=\"fusion-column-wrapper fusion-flex-justify-content-flex-start fusion-content-layout-column\"><div class=\"fusion-text fusion-text-1\" style=\"--awb-content-alignment:justify;\"><p><b>AVISO DE PRIVACIDAD INTEGRAL<\/b><\/p>\n<p><span data-ccp-props=\"{\">\u00a0<\/span><\/p>\n<p>CLIENTES<\/p>\n<p>En cumplimiento de las disposiciones de la Ley Federal de Protecci\u00f3n de Datos Personales en Posesi\u00f3n de los Particulares (\u201cLFPD\u201d), su Reglamento y el resto de las disposiciones normativas aplicables al tratamiento de datos personales, ponemos a su disposici\u00f3n el presente Aviso de Privacidad para informarle sobre los t\u00e9rminos bajo los cuales trataremos sus datos personales, identificando a la entidad responsable de su informaci\u00f3n, las finalidades o acciones que motivan la obtenci\u00f3n, uso y custodia de sus datos personales; los terceros a quienes se transferir\u00e1n o se podr\u00e1n transferir sus datos personales; los mecanismos para que pueda ejercer sus derechos, entre otra informaci\u00f3n que le permitir\u00e1 tomar decisiones informadas sobre el uso de sus datos. En\u00a0L\u2019OR\u00c9AL M\u00c9XICO\u00a0estamos comprometidos con salvaguardar la privacidad de sus datos personales y mantener una relaci\u00f3n estrecha y activa con nuestros clientes y posibles clientes por eso adem\u00e1s de \u00e9ste Aviso de Privacidad, aplicamos nuestra Pol\u00edtica de Privacidad, te invitamos a conocerla en www.loreal.com<\/p>\n<p>IDENTIDAD Y DOMICILIO DEL RESPONSABLE.<br \/>\nEn FRABEL, S.A. DE C.V., (en adelante\u00a0L\u2019OR\u00c9AL M\u00c9XICO) con domicilio para o\u00edr y recibir notificaciones en Real Mayorazgo No. 130, Torre M, Piso 28, Colonia Xoco, Alcald\u00eda Benito Ju\u00e1rez, C\u00f3digo Postal 03330, Ciudad de M\u00e9xico, M\u00e9xico es el Responsable de sus datos personales.<br \/>\nOBTENCI\u00d3N DE DATOS PERSONALES Y FINALIDADES DE SU TRATAMIENTO.<br \/>\nPara cumplir con las finalidades descritas en este Aviso de Privacidad, el Responsable tratar\u00e1 las siguientes categor\u00edas de datos personales:<br \/>\n&#8211; Datos identificativos y de contacto;<br \/>\n&#8211; Datos de caracter\u00edsticas personales;<br \/>\n&#8211; Datos econ\u00f3micos y financieros;<br \/>\n&#8211; Ubicaci\u00f3n geogr\u00e1fica;<br \/>\n&#8211; Imagen fotogr\u00e1fica, y<br \/>\n&#8211; Datos sensibles.<br \/>\nDATOS PERSONALES SENSIBLES<br \/>\nPara poder prestar un mejor servicio y dar recomendaciones adecuadas a las necesidades de nuestros clientes, podemos tratar datos personales sensibles como tipo o condici\u00f3n actual de piel o cabello. Cuando debamos solicitar esta informaci\u00f3n, recabaremos su consentimiento expreso y por escrito, a trav\u00e9s de los medios f\u00edsicos o electr\u00f3nicos correspondientes.<\/p>\n<p>DATOS PERSONALES DE MENORES DE EDAD<br \/>\nPara las finalidades establecidas en el presente Aviso de Privacidad, el Responsable no recaba personalmente datos de menores de edad (personas f\u00edsicas, menores de 18 a\u00f1os). Si\u00a0L\u2019OR\u00c9AL M\u00c9XICO\u00a0en cualquier momento identifica que se han proporcionado datos de menores de edad, procederemos a su bloqueo y posterior eliminaci\u00f3n.<\/p>\n<p>FINALIDADES DEL TRATAMIENTO DE DATOS PERSONALES<br \/>\nEl Responsable tratar\u00e1 o podr\u00e1 tratar sus datos personales para los siguientes tipos de finalidades:<\/p>\n<p>Finalidades primarias:<\/p>\n<p>&#8211; Gesti\u00f3n, control, administraci\u00f3n y env\u00edo de informaci\u00f3n solicitada por nuestros clientes y prospectos de clientes.<br \/>\n&#8211; Gesti\u00f3n y control de entregas al domicilio que usted indique.<br \/>\n&#8211; Atenci\u00f3n al cliente y seguimiento de quejas y\/o aclaraciones.<br \/>\n&#8211; Gesti\u00f3n de cobro y facturaci\u00f3n.<br \/>\n&#8211; Habilitaci\u00f3n de ubicaci\u00f3n de punto de venta m\u00e1s cercano al cliente o posible cliente.<br \/>\n&#8211; Generaci\u00f3n de recomendaciones de productos conforme a las necesidades comunicadas por el cliente a trav\u00e9s de los medios tecnol\u00f3gicos establecidos por el Responsable.<br \/>\n&#8211; Control de acceso a nuestras tiendas, para protecci\u00f3n de seguridad de nuestros clientes, visitantes, colaboradores y proveedores.<br \/>\n&#8211; Estad\u00edstica y registro hist\u00f3rico de clientes.<\/p>\n<p>De manera adicional,\u00a0L\u2019OR\u00c9AL M\u00c9XICO\u00a0podr\u00e1 tratar sus datos personales para las siguientes\u00a0finalidades secundarias:<\/p>\n<p>&#8211; Mercadotecnia, publicidad, prospecci\u00f3n comercial, evaluaci\u00f3n de nuestros productos y servicios, incluyendo el env\u00edo de muestras gratis y\/o art\u00edculos promocionales.<br \/>\n&#8211; Gesti\u00f3n de inscripciones y env\u00edos de newsletters.<br \/>\n&#8211; Env\u00edo de invitaciones a eventos.<br \/>\n&#8211; Env\u00edo de comunicaciones sobre ofertas, anuncios y encuestas de satisfacci\u00f3n por medios electr\u00f3nicos de cualquier marca comercializada por L\u2019OR\u00c9AL M\u00c9XICO.<br \/>\n&#8211; Entregas de productos en cumplea\u00f1os<\/p>\n<p>Si cambia de opini\u00f3n, usted puede oponerse al tratamiento de sus datos personales para las finalidades secundarias antes indicadas, e incluso revocar su consentimiento para tales efectos. En tales casos, podr\u00e1 comunicar su decisi\u00f3n a trav\u00e9s del procedimiento previsto en la secci\u00f3n \u201cDerechos ARCO\u201d, del presente Aviso de Privacidad.<\/p>\n<p>Sus datos personales podr\u00e1n ser transferidos dentro de los Estados Unidos Mexicanos (\u201cM\u00e9xico\u201d) o hacia el extranjero, a las siguientes categor\u00edas de destinatarios y para las finalidades identificadas:<\/p>\n<p>Hacia nuestra sociedad matriz y\/o sociedades controladoras, subsidiarias y\/o afiliadas, y\/o cualquier sociedad del mismo grupo del Responsable que opere bajo los mismos procesos y pol\u00edticas internas,\u00a0con finalidades de mercadotecnia, publicidad y prospecci\u00f3n comercial.<\/p>\n<p>La Ley establece que las transferencias de datos antes indicadas no requieren de su consentimiento para poder ser efectuadas, pero el Responsable s\u00ed est\u00e1 obligado a informar sobre ellas. Cualquier transferencia de sus datos personales que s\u00ed requiera de su consentimiento ser\u00e1 informada previamente, a trav\u00e9s de la comunicaci\u00f3n y actualizaci\u00f3n de este Aviso de Privacidad y de forma previa a la realizaci\u00f3n de esa comunicaci\u00f3n de datos.<\/p>\n<p>Derechos ARCO<br \/>\nLa Ley regula los Derechos ARCO con que usted cuenta como titular de datos personales. Estos derechos comprenden:<br \/>\nAcceso: derecho de conocer qu\u00e9 datos personales tratamos sobre Usted, as\u00ed como informaci\u00f3n relativa a las condiciones y generalidades del tratamiento.<br \/>\nRectificaci\u00f3n: derecho de solicitar en todo momento, la rectificaci\u00f3n de sus datos que resulten inexactos o incompletos.<br \/>\nCancelaci\u00f3n: derecho a que cese el tratamiento de sus datos personales, a partir de un bloqueo y su posterior supresi\u00f3n.<br \/>\nOposici\u00f3n: derecho a oponerse, por causa leg\u00edtima, al tratamiento de sus datos personales.<\/p>\n<p>Para ejercer cualquiera de los Derechos ARCO, Usted deber\u00e1 presentar una solicitud dirigida a nuestro Departamento de Datos Personales, a trav\u00e9s de cualquiera de los siguientes canales:<br \/>\nEnviando una solicitud al correo electr\u00f3nico\u00a0protecci\u00f3n.datos@loreal.com, o<br \/>\nEnviando una solicitud debidamente firmada a la direcci\u00f3n Real Mayorazgo No. 130, Torre M, Piso 28, Colonia Xoco, Alcald\u00eda Benito Ju\u00e1rez, C\u00f3digo Postal 03330, Ciudad de M\u00e9xico, M\u00e9xico.<\/p>\n<p>La solicitud deber\u00e1 contener:<br \/>\nSu nombre y domicilio completos, u otro medio para comunicar la respuesta a su solicitud;<br \/>\nCopia de un documento que acredite su identidad y en su caso, la representaci\u00f3n legal si alguien ejerce el derecho en su nombre. Podr\u00e1 omitir este requisito si aporta informaci\u00f3n que lo acredite como colaborador del Responsable y lo identifique de forma indubitable;<br \/>\nUna descripci\u00f3n clara y precisa del Derecho ARCO que desea ejercer y de los datos personales relacionados con su solicitud; y<br \/>\nEn su caso, cualquier otra informaci\u00f3n o documento que nos ayude a localizar sus datos personales.<\/p>\n<p>El Responsable responder\u00e1 a su solicitud dentro de los 20 (veinte) d\u00edas h\u00e1biles siguientes a la fecha en que sea enviada y recibida. Si la solicitud resulta procedente, el Responsable la har\u00e1 efectiva dentro de los 15 (quince) d\u00edas h\u00e1biles siguientes a la fecha en que comunique la respuesta. En caso de que de la informaci\u00f3n y\/o documentaci\u00f3n proporcionada en su solicitud resulten incompletas, err\u00f3neas y\/o insuficientes, o bien, no se acompa\u00f1en los documentos necesarios para acreditar su identidad o la representaci\u00f3n legal correspondiente, el Responsable le solicitar\u00e1 la correcci\u00f3n y subsanaci\u00f3n de las deficiencias para poder dar tr\u00e1mite a dicha solicitud. Usted contar\u00e1 con 10 (diez) d\u00edas h\u00e1biles para atender el requerimiento y correcci\u00f3n de la solicitud; en caso contrario \u00e9sta se tendr\u00e1 por no presentada.<\/p>\n<p>El uso de medios electr\u00f3nicos para el ejercicio de los Derechos ARCO autoriza al para dar respuesta a la solicitud correspondiente a trav\u00e9s del mismo medio, salvo que Usted indique otro medio de contacto en su solicitud, de forma clara y expresa.<\/p>\n<p>El derecho de cancelaci\u00f3n no es absoluto. Por favor tome en cuenta que el Responsable debe conservar informaci\u00f3n para cumplir con diversas obligaciones legales y que para hacerlo puede compartir sus datos personales con otras entidades u organismos. En tales casos, es posible que el derecho de cancelaci\u00f3n deba solicitarse ante la entidad que recibi\u00f3 sus datos personales.<br \/>\nEn algunos casos, Usted puede revocar el consentimiento para el tratamiento de sus datos personales; sin embargo, esta revocaci\u00f3n no puede tener efectos retroactivos, es decir, no puede afectar a situaciones, tr\u00e1mites o transferencias realizadas antes de la revocaci\u00f3n de su consentimiento;\u00a0as\u00ed como tampoco en los casos en que dicha revocaci\u00f3n suponga la imposibilidad de cumplir con obligaciones derivadas de una relaci\u00f3n jur\u00eddica vigente entre Usted y el\u00a0Responsable, o suponga el incumplimiento de disposiciones generales de orden p\u00fablico que establezcan la obligaci\u00f3n de mantener el tratamiento de sus datos personales durante determinado per\u00edodo.<\/p>\n<p>Usted puede enviar una solicitud de revocaci\u00f3n de consentimiento al correo electr\u00f3nico:\u00a0protecci\u00f3n.datos@loreal.com\u00a0siguiendo las instrucciones aplicables al ejercicio de los Derechos ARCO.<\/p>\n<p>LIMITACIONES SOBRE EL USO Y DIVULGACI\u00d3N DE SUS DATOS PERSONALES<br \/>\nUsted puede limitar el uso o divulgaci\u00f3n de sus datos personales dirigiendo la solicitud correspondiente a nuestro Departamento de Datos Personales, siguiendo para tales efectos el procedimiento y las instrucciones aplicables al ejercicio de los Derechos ARCO.<\/p>\n<p>El Responsable cuenta con medios y procedimientos para asegurar la inclusi\u00f3n de algunos de sus datos personales en listados de exclusi\u00f3n propios, para evitar que sus datos sean divulgados. En tales casos, el Responsable otorgar\u00e1 a los titulares que soliciten su registro, la constancia de inscripci\u00f3n correspondiente.<br \/>\nCon el objetivo de mejorar la experiencia de nuestros usuarios en nuestro sitio de Internet, el mismo\u00a0podr\u00e1\u0301 utilizar \u00abcookies\u00bb y\/o \u00abweb beacons\u00bb.<br \/>\nLas \u00abcookies\u00bb son archivos de texto que son descargados autom\u00e1ticamente y almacenados en el dispositivo del cliente para permitir a nuestros sistemas reconocer el dispositivo y otras caracter\u00edsticas, entre ellas, nombre de usuario y contrase\u00f1a.<br \/>\nPor su parte, las \u00abweb beacons\u00bb son im\u00e1genes insertadas en una p\u00e1gina de Internet o correo electr\u00f3nico, que puede ser utilizado para monitorear el comportamiento de un visitante, como almacenar informaci\u00f3n sobre la direcci\u00f3n IP del usuario, duraci\u00f3n del tiempo de interacci\u00f3n en dicha p\u00e1gina y el tipo de navegador utilizado, entre otros.<br \/>\nLe informamos que utilizamos \u00abcookies\u00bb y \u00abweb beacons para obtener informaci\u00f3n personal de Usted, como la siguiente: Las p\u00e1ginas de Internet que visita; Los v\u00ednculos que sigue y su direcci\u00f3n IP. Estas \u201ccookies\u201d y otras tecnolog\u00edas pueden ser deshabilitadas. Para conocer c\u00f3mo hacerlo, consulte el men\u00fa\u0301 de ayuda de su navegador.<br \/>\nCAMBIOS A NUESTRO AVISO DE PRIVACIDAD<br \/>\nEl Responsable se reserva el derecho de modificar, actualizar, extender y\/o de cualquier otra forma cambiar el contenido y alcance de este Aviso de Privacidad, en cualquier momento y bajo completa discreci\u00f3n del Responsable. En todo momento, podr\u00e1 consultar nuestro Aviso de Privacidad en la p\u00e1gina web de la marca de la que sea cliente o en\u00a0www.loreal.mx.<\/p>\n<p>CONSENTIMIENTO PARA FINALIDADES SECUNDARIAS<br \/>\nCuando recabemos sus datos de manera personal, podr\u00e1 indicar a trav\u00e9s de medios f\u00edsicos o electr\u00f3nico (como casillas de verificaci\u00f3n) si no desea que el Responsable trate sus datos para las finalidades secundarias previstas en este Aviso. Si usted ha tenido a acceso a este Aviso por medios electr\u00f3nicos o hemos obtenido sus datos de manera directa o indirecta, podr\u00e1 manifestar su negativa al tratamiento de sus datos personales para finalidades secundarias dentro del plazo de cinco d\u00edas h\u00e1biles desde la fecha en que pusimos a su disposici\u00f3n este Aviso.<\/p>\n<p>DUDAS O ACLARACIONES<br \/>\nEn caso de tener dudas o aclaraciones sobre el presente Aviso de Privacidad, puede contactar a nuestro Departamento de Datos Personales a trav\u00e9s del correo\u00a0protecci\u00f3n.datos@loreal.com.<br \/>\nFecha de \u00faltima actualizaci\u00f3n: 27 de enero de 2023<\/p>\n<\/div><\/div><\/div><\/div><\/div>\n","protected":false},"excerpt":{"rendered":"","protected":false},"author":1,"featured_media":0,"parent":0,"menu_order":0,"comment_status":"closed","ping_status":"open","template":"100-width.php","meta":{"_price":"","_stock":"","_tribe_ticket_header":"","_tribe_default_ticket_provider":"","_tribe_ticket_capacity":"0","_ticket_start_date":"","_ticket_end_date":"","_tribe_ticket_show_description":"","_tribe_ticket_show_not_going":false,"_tribe_ticket_use_global_stock":"","_tribe_ticket_global_stock_level":"","_global_stock_mode":"","_global_stock_cap":"","_tribe_rsvp_for_event":"","_tribe_ticket_going_count":"","_tribe_ticket_not_going_count":"","_tribe_tickets_list":"[]","_tribe_ticket_has_attendee_info_fields":false,"footnotes":""},"class_list":["post-3","page","type-page","status-publish","hentry"],"ticketed":false,"_links":{"self":[{"href":"https:\/\/longevitymdexperience.com\/index.php\/wp-json\/wp\/v2\/pages\/3","targetHints":{"allow":["GET"]}}],"collection":[{"href":"https:\/\/longevitymdexperience.com\/index.php\/wp-json\/wp\/v2\/pages"}],"about":[{"href":"https:\/\/longevitymdexperience.com\/index.php\/wp-json\/wp\/v2\/types\/page"}],"author":[{"embeddable":true,"href":"https:\/\/longevitymdexperience.com\/index.php\/wp-json\/wp\/v2\/users\/1"}],"replies":[{"embeddable":true,"href":"https:\/\/longevitymdexperience.com\/index.php\/wp-json\/wp\/v2\/comments?post=3"}],"version-history":[{"count":15,"href":"https:\/\/longevitymdexperience.com\/index.php\/wp-json\/wp\/v2\/pages\/3\/revisions"}],"predecessor-version":[{"id":2039,"href":"https:\/\/longevitymdexperience.com\/index.php\/wp-json\/wp\/v2\/pages\/3\/revisions\/2039"}],"wp:attachment":[{"href":"https:\/\/longevitymdexperience.com\/index.php\/wp-json\/wp\/v2\/media?parent=3"}],"curies":[{"name":"wp","href":"https:\/\/api.w.org\/{rel}","templated":true}]}}